{"id":118,"date":"2019-04-26T12:40:44","date_gmt":"2019-04-26T12:40:44","guid":{"rendered":"https:\/\/taxiflotax.com\/?page_id=118"},"modified":"2019-06-28T08:20:43","modified_gmt":"2019-06-28T08:20:43","slug":"zakelijk-vervoer","status":"publish","type":"page","link":"https:\/\/taxiflotax.com\/de\/diensten\/zakelijk-vervoer\/","title":{"rendered":"Gesch\u00e4ftlicher Transport"},"content":{"rendered":"<p><\/p>\n<p style=\"text-align: center;\">Suchen Sie ein Unternehmen, um Ihre Gesch\u00e4ftsg\u00e4ste oder Mitarbeiter professionell und komfortabel zu transportieren? Dann sind Sie bei FloTax genau richtig. Wir k\u00fcmmern uns um den gesch\u00e4ftlichen Transport f\u00fcr eine Vielzahl von Unternehmen in Roermond und laden auch Sie herzlich dazu ein, sich mit unserem Service vertraut zu machen.<\/p>\n<p>&nbsp;<\/p>\n<p style=\"text-align: center;\"><img loading=\"lazy\" decoding=\"async\" class=\"size-medium wp-image-319\" src=\"https:\/\/taxiflotax.com\/wp-content\/uploads\/2019\/06\/FullSizeRender-1-212x300.jpg\" alt=\"\" width=\"212\" height=\"300\" srcset=\"https:\/\/taxiflotax.com\/wp-content\/uploads\/2019\/06\/FullSizeRender-1-212x300.jpg 212w, https:\/\/taxiflotax.com\/wp-content\/uploads\/2019\/06\/FullSizeRender-1.jpg 709w\" sizes=\"auto, (max-width: 212px) 100vw, 212px\" \/><\/p>\n<p><\/p>","protected":false},"excerpt":{"rendered":"<p>Suchen Sie ein Unternehmen, um Ihre Gesch\u00e4ftsg\u00e4ste oder Mitarbeiter professionell und komfortabel zu transportieren? Dann sind Sie bei FloTax genau richtig. Wir k\u00fcmmern uns um den gesch\u00e4ftlichen Transport f\u00fcr eine Vielzahl von Unternehmen in Roermond und laden auch Sie herzlich dazu ein, sich mit unserem Service vertraut zu machen. &nbsp;<\/p>\n","protected":false},"author":1,"featured_media":358,"parent":19,"menu_order":0,"comment_status":"closed","ping_status":"closed","template":"","meta":{"footnotes":""},"class_list":["post-118","page","type-page","status-publish","has-post-thumbnail","hentry"],"acf":[],"_links":{"self":[{"href":"https:\/\/taxiflotax.com\/de\/wp-json\/wp\/v2\/pages\/118","targetHints":{"allow":["GET"]}}],"collection":[{"href":"https:\/\/taxiflotax.com\/de\/wp-json\/wp\/v2\/pages"}],"about":[{"href":"https:\/\/taxiflotax.com\/de\/wp-json\/wp\/v2\/types\/page"}],"author":[{"embeddable":true,"href":"https:\/\/taxiflotax.com\/de\/wp-json\/wp\/v2\/users\/1"}],"replies":[{"embeddable":true,"href":"https:\/\/taxiflotax.com\/de\/wp-json\/wp\/v2\/comments?post=118"}],"version-history":[{"count":6,"href":"https:\/\/taxiflotax.com\/de\/wp-json\/wp\/v2\/pages\/118\/revisions"}],"predecessor-version":[{"id":514,"href":"https:\/\/taxiflotax.com\/de\/wp-json\/wp\/v2\/pages\/118\/revisions\/514"}],"up":[{"embeddable":true,"href":"https:\/\/taxiflotax.com\/de\/wp-json\/wp\/v2\/pages\/19"}],"wp:featuredmedia":[{"embeddable":true,"href":"https:\/\/taxiflotax.com\/de\/wp-json\/wp\/v2\/media\/358"}],"wp:attachment":[{"href":"https:\/\/taxiflotax.com\/de\/wp-json\/wp\/v2\/media?parent=118"}],"curies":[{"name":"wp","href":"https:\/\/api.w.org\/{rel}","templated":true}]}}