{"id":13,"date":"2019-04-26T11:08:32","date_gmt":"2019-04-26T11:08:32","guid":{"rendered":"https:\/\/taxiflotax.com\/?page_id=13"},"modified":"2019-07-10T20:42:29","modified_gmt":"2019-07-10T20:42:29","slug":"home","status":"publish","type":"page","link":"https:\/\/taxiflotax.com\/de\/","title":{"rendered":"Home"},"content":{"rendered":"<p><\/p>\n<h2>Was macht uns besonders?<\/h2>\n<p>Was uns vom Rest unterscheidet, ist, dass wir den Kunden als Kunden und nicht als Fahrt sehen. Jeder Kunde ist bei uns einzigartig. Wir zeigen dies, indem wir dem Kunden ein wenig mehr Aufmerksamkeit schenken, indem wir zum Beispiel die T\u00fcr \u00f6ffnen, Ihnen mit Ihrem Gep\u00e4ck helfen, eine Flasche Wasser f\u00fcr unterwegs anbieten und Ihnen auf Wunsch beim Ein- und Aussteigen helfen.<br \/>\n<\/p>","protected":false},"excerpt":{"rendered":"<p>Was macht uns besonders? Was uns vom Rest unterscheidet, ist, dass wir den Kunden als Kunden und nicht als Fahrt sehen. Jeder Kunde ist bei uns einzigartig. Wir zeigen dies, indem wir dem Kunden ein wenig mehr Aufmerksamkeit schenken, indem wir zum Beispiel die T\u00fcr \u00f6ffnen, Ihnen mit Ihrem Gep\u00e4ck helfen, eine Flasche Wasser f\u00fcr unterwegs anbieten und Ihnen auf [&#8230;] <a href=\"https:\/\/taxiflotax.com\/de\/\" class=\"readmore-button\">Lees verder &raquo;<\/a><\/p>\n","protected":false},"author":1,"featured_media":79,"parent":0,"menu_order":0,"comment_status":"closed","ping_status":"closed","template":"front-page.php","meta":{"footnotes":""},"class_list":["post-13","page","type-page","status-publish","has-post-thumbnail","hentry"],"acf":[],"_links":{"self":[{"href":"https:\/\/taxiflotax.com\/de\/wp-json\/wp\/v2\/pages\/13","targetHints":{"allow":["GET"]}}],"collection":[{"href":"https:\/\/taxiflotax.com\/de\/wp-json\/wp\/v2\/pages"}],"about":[{"href":"https:\/\/taxiflotax.com\/de\/wp-json\/wp\/v2\/types\/page"}],"author":[{"embeddable":true,"href":"https:\/\/taxiflotax.com\/de\/wp-json\/wp\/v2\/users\/1"}],"replies":[{"embeddable":true,"href":"https:\/\/taxiflotax.com\/de\/wp-json\/wp\/v2\/comments?post=13"}],"version-history":[{"count":18,"href":"https:\/\/taxiflotax.com\/de\/wp-json\/wp\/v2\/pages\/13\/revisions"}],"predecessor-version":[{"id":519,"href":"https:\/\/taxiflotax.com\/de\/wp-json\/wp\/v2\/pages\/13\/revisions\/519"}],"wp:featuredmedia":[{"embeddable":true,"href":"https:\/\/taxiflotax.com\/de\/wp-json\/wp\/v2\/media\/79"}],"wp:attachment":[{"href":"https:\/\/taxiflotax.com\/de\/wp-json\/wp\/v2\/media?parent=13"}],"curies":[{"name":"wp","href":"https:\/\/api.w.org\/{rel}","templated":true}]}}