{"id":136,"date":"2019-04-26T12:42:01","date_gmt":"2019-04-26T12:42:01","guid":{"rendered":"https:\/\/taxiflotax.com\/?page_id=136"},"modified":"2019-06-27T20:00:51","modified_gmt":"2019-06-27T20:00:51","slug":"luchthaven-vervoer","status":"publish","type":"page","link":"https:\/\/taxiflotax.com\/de\/diensten\/luchthaven-vervoer\/","title":{"rendered":"Flughafentransfer"},"content":{"rendered":"<p><\/p>\n<p style=\"text-align: center;\">FloTax bietet einen komfortablen und individuellen Taxiservice von und zu verschiedenen Flugh\u00e4fen. Unser Taxifahrer steht Ihnen zur vereinbarten Zeit und am vereinbarten Ort zur Verf\u00fcgung und bringt Sie unverz\u00fcglich an Ihr Endziel.\n<\/p>\n<p><\/p>","protected":false},"excerpt":{"rendered":"<p>FloTax bietet einen komfortablen und individuellen Taxiservice von und zu verschiedenen Flugh\u00e4fen. Unser Taxifahrer steht Ihnen zur vereinbarten Zeit und am vereinbarten Ort zur Verf\u00fcgung und bringt Sie unverz\u00fcglich an Ihr Endziel.<\/p>\n","protected":false},"author":1,"featured_media":139,"parent":19,"menu_order":0,"comment_status":"closed","ping_status":"closed","template":"","meta":{"footnotes":""},"class_list":["post-136","page","type-page","status-publish","has-post-thumbnail","hentry"],"acf":[],"_links":{"self":[{"href":"https:\/\/taxiflotax.com\/de\/wp-json\/wp\/v2\/pages\/136","targetHints":{"allow":["GET"]}}],"collection":[{"href":"https:\/\/taxiflotax.com\/de\/wp-json\/wp\/v2\/pages"}],"about":[{"href":"https:\/\/taxiflotax.com\/de\/wp-json\/wp\/v2\/types\/page"}],"author":[{"embeddable":true,"href":"https:\/\/taxiflotax.com\/de\/wp-json\/wp\/v2\/users\/1"}],"replies":[{"embeddable":true,"href":"https:\/\/taxiflotax.com\/de\/wp-json\/wp\/v2\/comments?post=136"}],"version-history":[{"count":3,"href":"https:\/\/taxiflotax.com\/de\/wp-json\/wp\/v2\/pages\/136\/revisions"}],"predecessor-version":[{"id":405,"href":"https:\/\/taxiflotax.com\/de\/wp-json\/wp\/v2\/pages\/136\/revisions\/405"}],"up":[{"embeddable":true,"href":"https:\/\/taxiflotax.com\/de\/wp-json\/wp\/v2\/pages\/19"}],"wp:featuredmedia":[{"embeddable":true,"href":"https:\/\/taxiflotax.com\/de\/wp-json\/wp\/v2\/media\/139"}],"wp:attachment":[{"href":"https:\/\/taxiflotax.com\/de\/wp-json\/wp\/v2\/media?parent=136"}],"curies":[{"name":"wp","href":"https:\/\/api.w.org\/{rel}","templated":true}]}}