{"id":148,"date":"2019-04-26T12:43:05","date_gmt":"2019-04-26T12:43:05","guid":{"rendered":"https:\/\/taxiflotax.com\/?page_id=148"},"modified":"2019-07-10T20:43:52","modified_gmt":"2019-07-10T20:43:52","slug":"uitgaans-vervoer","status":"publish","type":"page","link":"https:\/\/taxiflotax.com\/de\/diensten\/uitgaans-vervoer\/","title":{"rendered":"Nachttaxi"},"content":{"rendered":"<p><\/p>\n<p style=\"text-align: center;\">Selbstverst\u00e4ndlich k\u00f6nnen Sie unsere Dienste auch zum Besuch einer Disco oder eines Festivals nutzen. Sie werden an der gew\u00fcnschten Adresse abgeholt und an Ihr Ziel gebracht. Auf Wunsch k\u00f6nnen Sie auch am Ende des Abends abgeholt und sicher nach Hause gebracht werden!<\/p>\n<p style=\"text-align: center;\"><img loading=\"lazy\" decoding=\"async\" class=\"size-medium wp-image-450 aligncenter\" src=\"https:\/\/taxiflotax.com\/wp-content\/uploads\/2019\/06\/abfc0c57-2784-46f5-9c80-1380b79611b5-300x225.jpg\" alt=\"\" width=\"300\" height=\"225\" srcset=\"https:\/\/taxiflotax.com\/wp-content\/uploads\/2019\/06\/abfc0c57-2784-46f5-9c80-1380b79611b5-300x225.jpg 300w, https:\/\/taxiflotax.com\/wp-content\/uploads\/2019\/06\/abfc0c57-2784-46f5-9c80-1380b79611b5-768x576.jpg 768w, https:\/\/taxiflotax.com\/wp-content\/uploads\/2019\/06\/abfc0c57-2784-46f5-9c80-1380b79611b5-1024x768.jpg 1024w, https:\/\/taxiflotax.com\/wp-content\/uploads\/2019\/06\/abfc0c57-2784-46f5-9c80-1380b79611b5.jpg 1600w\" sizes=\"auto, (max-width: 300px) 100vw, 300px\" \/><\/p>\n<p><\/p>","protected":false},"excerpt":{"rendered":"<p>Selbstverst\u00e4ndlich k\u00f6nnen Sie unsere Dienste auch zum Besuch einer Disco oder eines Festivals nutzen. Sie werden an der gew\u00fcnschten Adresse abgeholt und an Ihr Ziel gebracht. Auf Wunsch k\u00f6nnen Sie auch am Ende des Abends abgeholt und sicher nach Hause gebracht werden!<\/p>\n","protected":false},"author":1,"featured_media":352,"parent":19,"menu_order":0,"comment_status":"closed","ping_status":"closed","template":"","meta":{"footnotes":""},"class_list":["post-148","page","type-page","status-publish","has-post-thumbnail","hentry"],"acf":[],"_links":{"self":[{"href":"https:\/\/taxiflotax.com\/de\/wp-json\/wp\/v2\/pages\/148","targetHints":{"allow":["GET"]}}],"collection":[{"href":"https:\/\/taxiflotax.com\/de\/wp-json\/wp\/v2\/pages"}],"about":[{"href":"https:\/\/taxiflotax.com\/de\/wp-json\/wp\/v2\/types\/page"}],"author":[{"embeddable":true,"href":"https:\/\/taxiflotax.com\/de\/wp-json\/wp\/v2\/users\/1"}],"replies":[{"embeddable":true,"href":"https:\/\/taxiflotax.com\/de\/wp-json\/wp\/v2\/comments?post=148"}],"version-history":[{"count":10,"href":"https:\/\/taxiflotax.com\/de\/wp-json\/wp\/v2\/pages\/148\/revisions"}],"predecessor-version":[{"id":520,"href":"https:\/\/taxiflotax.com\/de\/wp-json\/wp\/v2\/pages\/148\/revisions\/520"}],"up":[{"embeddable":true,"href":"https:\/\/taxiflotax.com\/de\/wp-json\/wp\/v2\/pages\/19"}],"wp:featuredmedia":[{"embeddable":true,"href":"https:\/\/taxiflotax.com\/de\/wp-json\/wp\/v2\/media\/352"}],"wp:attachment":[{"href":"https:\/\/taxiflotax.com\/de\/wp-json\/wp\/v2\/media?parent=148"}],"curies":[{"name":"wp","href":"https:\/\/api.w.org\/{rel}","templated":true}]}}