{"id":154,"date":"2019-04-26T12:43:48","date_gmt":"2019-04-26T12:43:48","guid":{"rendered":"https:\/\/taxiflotax.com\/?page_id=154"},"modified":"2019-06-28T08:16:15","modified_gmt":"2019-06-28T08:16:15","slug":"prive-chauffeur","status":"publish","type":"page","link":"https:\/\/taxiflotax.com\/de\/diensten\/prive-chauffeur\/","title":{"rendered":"Privatchauffeur"},"content":{"rendered":"<p><\/p>\n<p style=\"text-align: center;\"><img loading=\"lazy\" decoding=\"async\" class=\"size-medium wp-image-325 alignnone\" src=\"https:\/\/taxiflotax.com\/wp-content\/uploads\/2019\/06\/FullSizeRender-3-300x215.jpg\" alt=\"\" width=\"300\" height=\"215\" srcset=\"https:\/\/taxiflotax.com\/wp-content\/uploads\/2019\/06\/FullSizeRender-3-300x215.jpg 300w, https:\/\/taxiflotax.com\/wp-content\/uploads\/2019\/06\/FullSizeRender-3-768x550.jpg 768w, https:\/\/taxiflotax.com\/wp-content\/uploads\/2019\/06\/FullSizeRender-3-1024x734.jpg 1024w, https:\/\/taxiflotax.com\/wp-content\/uploads\/2019\/06\/FullSizeRender-3.jpg 1047w\" sizes=\"auto, (max-width: 300px) 100vw, 300px\" \/><\/p>\n<p style=\"text-align: center;\">Unser Chauffeur von FloTax bringt Sie zum und vom B\u00fcro oder Termin. Auf diese Weise k\u00f6nnen Sie Ihre Arbeitszeit auf der R\u00fcckbank des Autos verbringen. Sie k\u00f6nnen unsere Chauffeur-Dienste in den Niederlanden und sogar international nutzen.\n<\/p>\n<p><\/p>","protected":false},"excerpt":{"rendered":"<p>Unser Chauffeur von FloTax bringt Sie zum und vom B\u00fcro oder Termin. Auf diese Weise k\u00f6nnen Sie Ihre Arbeitszeit auf der R\u00fcckbank des Autos verbringen. Sie k\u00f6nnen unsere Chauffeur-Dienste in den Niederlanden und sogar international nutzen.<\/p>\n","protected":false},"author":1,"featured_media":349,"parent":19,"menu_order":0,"comment_status":"closed","ping_status":"closed","template":"","meta":{"footnotes":""},"class_list":["post-154","page","type-page","status-publish","has-post-thumbnail","hentry"],"acf":[],"_links":{"self":[{"href":"https:\/\/taxiflotax.com\/de\/wp-json\/wp\/v2\/pages\/154","targetHints":{"allow":["GET"]}}],"collection":[{"href":"https:\/\/taxiflotax.com\/de\/wp-json\/wp\/v2\/pages"}],"about":[{"href":"https:\/\/taxiflotax.com\/de\/wp-json\/wp\/v2\/types\/page"}],"author":[{"embeddable":true,"href":"https:\/\/taxiflotax.com\/de\/wp-json\/wp\/v2\/users\/1"}],"replies":[{"embeddable":true,"href":"https:\/\/taxiflotax.com\/de\/wp-json\/wp\/v2\/comments?post=154"}],"version-history":[{"count":6,"href":"https:\/\/taxiflotax.com\/de\/wp-json\/wp\/v2\/pages\/154\/revisions"}],"predecessor-version":[{"id":499,"href":"https:\/\/taxiflotax.com\/de\/wp-json\/wp\/v2\/pages\/154\/revisions\/499"}],"up":[{"embeddable":true,"href":"https:\/\/taxiflotax.com\/de\/wp-json\/wp\/v2\/pages\/19"}],"wp:featuredmedia":[{"embeddable":true,"href":"https:\/\/taxiflotax.com\/de\/wp-json\/wp\/v2\/media\/349"}],"wp:attachment":[{"href":"https:\/\/taxiflotax.com\/de\/wp-json\/wp\/v2\/media?parent=154"}],"curies":[{"name":"wp","href":"https:\/\/api.w.org\/{rel}","templated":true}]}}