{"id":25,"date":"2019-04-26T11:08:51","date_gmt":"2019-04-26T11:08:51","guid":{"rendered":"https:\/\/taxiflotax.com\/?page_id=25"},"modified":"2026-01-05T10:23:00","modified_gmt":"2026-01-05T10:23:00","slug":"tarieven","status":"publish","type":"page","link":"https:\/\/taxiflotax.com\/de\/tarieven\/","title":{"rendered":"Preise"},"content":{"rendered":"<p><\/p>\n<p style=\"text-align: center;\">FloTax verwendet eine eindeutige Tarifstruktur. Der Fahrer f\u00e4hrt immer ordentlich nach Taxameter, sodass Sie genau wissen, woran Sie sind. Wir verwenden auch einige Festtarife. Diese sind in der folgenden \u00dcbersicht aufgef\u00fchrt.<\/p>\n<h2>Taxi-Preise<\/h2>\n<p>FloTax verwendet einen regul\u00e4ren Preis. Preisvereinbarungen sind selbstverst\u00e4ndlich jederzeit nach Absprache m\u00f6glich.<\/p>\n<p>Wir bieten einen konkurrenzf\u00e4higen Preis f\u00fcr Flugh\u00e4fen an. Wenn Ihr Reiseziel nicht aufgef\u00fchrt ist, kontaktieren Sie uns bitte, damit wir eine Festpreisvereinbarung treffen k\u00f6nnen.<\/p>\n<p>Diese Preise gelten ab Roermond und nur bei einer Reservierung von mindestens 24 Stunden vor Beginn der Fahrt. Flugversp\u00e4tungen, die nicht auf der Website des Flughafens aufgef\u00fchrt sind, werden in Rechnung gestellt.<\/p>","protected":false},"excerpt":{"rendered":"<p>FloTax verwendet eine eindeutige Tarifstruktur. Der Fahrer f\u00e4hrt immer ordentlich nach Taxameter, sodass Sie genau wissen, woran Sie sind. Wir verwenden auch einige Festtarife. Diese sind in der folgenden \u00dcbersicht aufgef\u00fchrt. Taxi-Preise FloTax verwendet einen regul\u00e4ren Preis. Preisvereinbarungen sind selbstverst\u00e4ndlich jederzeit nach Absprache m\u00f6glich. Wir bieten einen konkurrenzf\u00e4higen Preis f\u00fcr Flugh\u00e4fen an. Wenn Ihr Reiseziel nicht aufgef\u00fchrt ist, kontaktieren Sie [&#8230;] <a href=\"https:\/\/taxiflotax.com\/de\/tarieven\/\" class=\"readmore-button\">Lees verder &raquo;<\/a><\/p>\n","protected":false},"author":1,"featured_media":450,"parent":0,"menu_order":0,"comment_status":"closed","ping_status":"closed","template":"","meta":{"footnotes":""},"class_list":["post-25","page","type-page","status-publish","has-post-thumbnail","hentry"],"acf":[],"_links":{"self":[{"href":"https:\/\/taxiflotax.com\/de\/wp-json\/wp\/v2\/pages\/25","targetHints":{"allow":["GET"]}}],"collection":[{"href":"https:\/\/taxiflotax.com\/de\/wp-json\/wp\/v2\/pages"}],"about":[{"href":"https:\/\/taxiflotax.com\/de\/wp-json\/wp\/v2\/types\/page"}],"author":[{"embeddable":true,"href":"https:\/\/taxiflotax.com\/de\/wp-json\/wp\/v2\/users\/1"}],"replies":[{"embeddable":true,"href":"https:\/\/taxiflotax.com\/de\/wp-json\/wp\/v2\/comments?post=25"}],"version-history":[{"count":41,"href":"https:\/\/taxiflotax.com\/de\/wp-json\/wp\/v2\/pages\/25\/revisions"}],"predecessor-version":[{"id":553,"href":"https:\/\/taxiflotax.com\/de\/wp-json\/wp\/v2\/pages\/25\/revisions\/553"}],"wp:featuredmedia":[{"embeddable":true,"href":"https:\/\/taxiflotax.com\/de\/wp-json\/wp\/v2\/media\/450"}],"wp:attachment":[{"href":"https:\/\/taxiflotax.com\/de\/wp-json\/wp\/v2\/media?parent=25"}],"curies":[{"name":"wp","href":"https:\/\/api.w.org\/{rel}","templated":true}]}}